{"id":636,"date":"2024-12-20T10:43:53","date_gmt":"2024-12-20T10:43:53","guid":{"rendered":"https:\/\/tuf.pircejacels.lv\/casco-octa-insurance-repairs\/"},"modified":"2024-12-20T10:43:53","modified_gmt":"2024-12-20T10:43:53","slug":"casco-octa-insurance-repairs","status":"publish","type":"page","link":"https:\/\/tuf.lv\/en\/casco-octa-insurance-repairs\/","title":{"rendered":"CASCO\/OCTA insurance repairs"},"content":{"rendered":"<p>[et_pb_section fb_built=&#8221;1&#8243; specialty=&#8221;on&#8221; custom_padding_last_edited=&#8221;on|desktop&#8221; padding_top_1=&#8221;0px&#8221; padding_2_tablet=&#8221;|||10vw&#8221; padding_2_phone=&#8221;&#8221; padding_2_last_edited=&#8221;on|tablet&#8221; admin_label=&#8221;Header&#8221; _builder_version=&#8221;4.16&#8243; background_color=&#8221;#eaeaf1&#8243; inner_width=&#8221;100%&#8221; inner_max_width=&#8221;100%&#8221; custom_padding=&#8221;0px|10vw|1px|||&#8221; custom_padding_tablet=&#8221;|||&#8221; custom_padding_phone=&#8221;&#8221; locked=&#8221;off&#8221; global_colors_info=&#8221;{}&#8221;][et_pb_column type=&#8221;1_2&#8243; _builder_version=&#8221;4.16&#8243; custom_padding=&#8221;|||&#8221; global_colors_info=&#8221;{}&#8221; custom_padding__hover=&#8221;|||&#8221;][et_pb_image src=&#8221;https:\/\/tuf.pircejacels.lv\/wp-content\/uploads\/2024\/11\/mechanic-73.png&#8221; title_text=&#8221;Apdro\u0161in\u0101\u0161anas gad\u012bjumu kr\u0101so\u0161anas&#8221; align_tablet=&#8221;center&#8221; align_phone=&#8221;center&#8221; align_last_edited=&#8221;on|desktop&#8221; _builder_version=&#8221;4.27.0&#8243; background_image=&#8221;https:\/\/tuf.pircejacels.lv\/wp-content\/uploads\/2024\/12\/Apdrosinasanas-gadijumu-krasosanas-e1735558331493.webp&#8221; parallax=&#8221;on&#8221; custom_margin=&#8221;|-50vw||&#8221; custom_margin_tablet=&#8221;|0vw||&#8221; custom_margin_phone=&#8221;&#8221; custom_margin_last_edited=&#8221;on|desktop&#8221; locked=&#8221;off&#8221; global_colors_info=&#8221;{}&#8221;][\/et_pb_image][\/et_pb_column][et_pb_column type=&#8221;1_2&#8243; specialty_columns=&#8221;2&#8243; _builder_version=&#8221;4.16&#8243; custom_padding=&#8221;|||&#8221; global_colors_info=&#8221;{}&#8221; custom_padding__hover=&#8221;|||&#8221;][et_pb_row_inner custom_padding_last_edited=&#8221;on|phone&#8221; _builder_version=&#8221;4.27.0&#8243; background_color=&#8221;#425e8e&#8221; max_width=&#8221;600px&#8221; custom_margin=&#8221;10vw|||&#8221; custom_margin_tablet=&#8221;-40vw||&#8221; custom_margin_phone=&#8221;&#8221; custom_margin_last_edited=&#8221;on|tablet&#8221; custom_padding=&#8221;80px|60px|80px|60px|true|false&#8221; custom_padding_tablet=&#8221;60px|50px|60px|50px|true|true&#8221; custom_padding_phone=&#8221;50px|||40px&#8221; box_shadow_style=&#8221;preset2&#8243; box_shadow_vertical=&#8221;28px&#8221; box_shadow_blur=&#8221;40px&#8221; box_shadow_color=&#8221;rgba(0,0,0,0.1)&#8221; global_colors_info=&#8221;{}&#8221;][et_pb_column_inner saved_specialty_column_type=&#8221;1_2&#8243; _builder_version=&#8221;4.16&#8243; custom_padding=&#8221;|||&#8221; global_colors_info=&#8221;{}&#8221; custom_padding__hover=&#8221;|||&#8221;][et_pb_text _builder_version=&#8221;4.27.4&#8243; text_font=&#8221;||||||||&#8221; header_font=&#8221;Khand|700||on|||||&#8221; header_font_size=&#8221;50px&#8221; background_layout=&#8221;dark&#8221; hover_enabled=&#8221;0&#8243; header_font_size_tablet=&#8221;60px&#8221; header_font_size_phone=&#8221;30px&#8221; header_font_size_last_edited=&#8221;on|phone&#8221; locked=&#8221;off&#8221; global_colors_info=&#8221;{}&#8221; sticky_enabled=&#8221;0&#8243;]<\/p>\n<h1>CASCO\/OCTA insurance repairs<\/h1>\n<p>[\/et_pb_text][et_pb_divider color=&#8221;#ffffff&#8221; divider_style=&#8221;double&#8221; divider_weight=&#8221;10px&#8221; _builder_version=&#8221;4.16&#8243; transform_skew=&#8221;-20deg|0deg&#8221; max_width=&#8221;100px&#8221; height=&#8221;10px&#8221; locked=&#8221;off&#8221; global_colors_info=&#8221;{}&#8221;][\/et_pb_divider][et_pb_text _builder_version=&#8221;4.27.4&#8243; text_font=&#8221;|600|||||||&#8221; text_line_height=&#8221;2em&#8221; text_orientation=&#8221;justified&#8221; background_layout=&#8221;dark&#8221; locked=&#8221;off&#8221; global_colors_info=&#8221;{}&#8221;]<\/p>\n<p>For more than 30 years now, our workshop has been offering professional repairs of bodywork, paintwork and other components in comprehensive (CASCO)\/third party liability (OCTA) insurance cases when repairs are paid for by the insurance company.<br \/>In the event of an accident, all you need to do is to know the insurance claim number, which you can get from your insurer, and bring the affected car to us \u2014 our qualified service technicians will take care of the rest and your car will be in the same or better condition than before the accident! We will repair or replace the damaged parts and perform high-quality painting with top-quality materials and paints from the Italian brand PALINAL.<br \/>CASCO (comprehensive) insurance and OCTA (third party liability) insurance are the two types of vehicle insurance in Latvia, and we aim to ensure a proper car repair process for insured events, including the necessary formalities and the quality of repairs, along with a guarantee of the work carried out.<\/p>\n<p>[\/et_pb_text][et_pb_button button_url=&#8221;@ET-DC@eyJkeW5hbWljIjp0cnVlLCJjb250ZW50IjoicG9zdF9saW5rX3VybF9wYWdlIiwic2V0dGluZ3MiOnsicG9zdF9pZCI6Ijg4IiwiZW5hYmxlX2h0bWwiOiJvZmYifX0=@&#8221; button_text=&#8221;Book a visit&#8221; _builder_version=&#8221;4.27.4&#8243; _dynamic_attributes=&#8221;button_url&#8221; custom_button=&#8221;on&#8221; button_text_size=&#8221;14px&#8221; button_text_color=&#8221;#ffffff&#8221; button_bg_color=&#8221;rgba(247,247,247,0)&#8221; button_border_width=&#8221;2px&#8221; button_border_radius=&#8221;0px&#8221; button_letter_spacing=&#8221;3px&#8221; button_font=&#8221;|700||on|||||&#8221; button_icon=&#8221;E||divi||400&#8243; button_on_hover=&#8221;off&#8221; transform_skew=&#8221;-20deg|0deg&#8221; custom_padding=&#8221;15px|40px|15px|30px|true|false&#8221; locked=&#8221;off&#8221; global_colors_info=&#8221;{}&#8221; button_bg_color__hover_enabled=&#8221;on&#8221; button_bg_color__hover=&#8221;#ffffff&#8221; button_text_color__hover=&#8221;#0251b8&#8243; button_text_color__hover_enabled=&#8221;on&#8221; button_border_color__hover=&#8221;rgba(0,0,0,0)&#8221; button_border_color__hover_enabled=&#8221;on&#8221;][\/et_pb_button][\/et_pb_column_inner][\/et_pb_row_inner][\/et_pb_column][\/et_pb_section][et_pb_section fb_built=&#8221;1&#8243; admin_label=&#8221;Section Title&#8221; _builder_version=&#8221;4.27.0&#8243; background_color=&#8221;#eaeaf1&#8243; use_background_color_gradient=&#8221;on&#8221; background_color_gradient_direction=&#8221;110deg&#8221; background_color_gradient_stops=&#8221;#eaeaf1 86%|#eb2121 86%&#8221; background_color_gradient_start=&#8221;#eaeaf1&#8243; background_color_gradient_start_position=&#8221;86%&#8221; background_color_gradient_end=&#8221;#f71635&#8243; background_color_gradient_end_position=&#8221;0%&#8221; custom_padding=&#8221;||0px|||&#8221; global_colors_info=&#8221;{}&#8221;][et_pb_row _builder_version=&#8221;4.16&#8243; global_colors_info=&#8221;{}&#8221;][et_pb_column type=&#8221;4_4&#8243; _builder_version=&#8221;4.16&#8243; custom_padding=&#8221;|||&#8221; global_colors_info=&#8221;{}&#8221; custom_padding__hover=&#8221;|||&#8221;][et_pb_text _builder_version=&#8221;4.27.0&#8243; header_font=&#8221;||||||||&#8221; header_2_font=&#8221;Khand|700||on|||||&#8221; header_2_font_size=&#8221;40px&#8221; header_2_line_height=&#8221;1.2em&#8221; header_2_font_size_tablet=&#8221;40px&#8221; header_2_font_size_phone=&#8221;30px&#8221; header_2_font_size_last_edited=&#8221;on|desktop&#8221; global_colors_info=&#8221;{}&#8221;]<\/p>\n<h2>The service includes<\/h2>\n<p>[\/et_pb_text][et_pb_divider color=&#8221;#f71635&#8243; divider_style=&#8221;double&#8221; divider_weight=&#8221;10px&#8221; _builder_version=&#8221;4.16&#8243; transform_skew=&#8221;-20deg|0deg&#8221; max_width=&#8221;100px&#8221; height=&#8221;10px&#8221; locked=&#8221;off&#8221; global_colors_info=&#8221;{}&#8221;][\/et_pb_divider][\/et_pb_column][\/et_pb_row][\/et_pb_section][et_pb_section fb_built=&#8221;1&#8243; specialty=&#8221;on&#8221; custom_padding_last_edited=&#8221;on|tablet&#8221; padding_top_1=&#8221;0px&#8221; padding_top_2=&#8221;100px&#8221; padding_bottom_1=&#8221;0px&#8221; padding_2_tablet=&#8221;0px|||10vw&#8221; padding_2_phone=&#8221;&#8221; padding_2_last_edited=&#8221;on|desktop&#8221; admin_label=&#8221;Why This Service&#8221; _builder_version=&#8221;4.16&#8243; inner_width=&#8221;100%&#8221; inner_max_width=&#8221;100%&#8221; custom_padding=&#8221;0px|10vw|0px|||&#8221; custom_padding_tablet=&#8221;&#8221; custom_padding_phone=&#8221;&#8221; use_custom_width=&#8221;on&#8221; width_unit=&#8221;off&#8221; custom_width_percent=&#8221;100%&#8221; global_colors_info=&#8221;{}&#8221;][et_pb_column type=&#8221;1_2&#8243; _builder_version=&#8221;4.16&#8243; custom_padding=&#8221;|||&#8221; global_colors_info=&#8221;{}&#8221; custom_padding__hover=&#8221;|||&#8221;][et_pb_image src=&#8221;https:\/\/tuf.pircejacels.lv\/wp-content\/uploads\/2024\/11\/mechanic-60.png&#8221; title_text=&#8221;_19L5178&#8243; _builder_version=&#8221;4.27.4&#8243; background_image=&#8221;https:\/\/tuf.pircejacels.lv\/wp-content\/uploads\/2025\/01\/19L5178-e1736415140933.jpg&#8221; parallax=&#8221;on&#8221; max_width_tablet=&#8221;60%&#8221; max_width_phone=&#8221;&#8221; max_width_last_edited=&#8221;on|desktop&#8221; custom_margin=&#8221;||-1px&#8221; always_center_on_mobile=&#8221;off&#8221; global_colors_info=&#8221;{}&#8221;][\/et_pb_image][et_pb_divider color=&#8221;#f71635&#8243; divider_weight=&#8221;4px&#8221; _builder_version=&#8221;4.16&#8243; transform_scale_last_edited=&#8221;off|tablet&#8221; transform_translate=&#8221;-18%|-28vw&#8221; transform_translate_last_edited=&#8221;off|tablet&#8221; transform_translate_linked=&#8221;off&#8221; transform_rotate=&#8221;0deg|0deg|-68deg&#8221; transform_rotate_last_edited=&#8221;off|desktop&#8221; transform_skew_last_edited=&#8221;off|desktop&#8221; transform_origin_last_edited=&#8221;off|desktop&#8221; transform_styles_last_edited=&#8221;off|tablet&#8221; width=&#8221;20vw&#8221; module_alignment=&#8221;right&#8221; height=&#8221;0px&#8221; custom_margin=&#8221;||0px&#8221; locked=&#8221;off&#8221; global_colors_info=&#8221;{}&#8221;][\/et_pb_divider][\/et_pb_column][et_pb_column type=&#8221;1_2&#8243; specialty_columns=&#8221;2&#8243; _builder_version=&#8221;4.16&#8243; custom_padding=&#8221;|||&#8221; global_colors_info=&#8221;{}&#8221; custom_padding__hover=&#8221;|||&#8221;][et_pb_row_inner column_structure=&#8221;1_2,1_2&#8243; use_custom_gutter=&#8221;on&#8221; gutter_width=&#8221;2&#8243; make_equal=&#8221;on&#8221; _builder_version=&#8221;4.27.0&#8243; locked=&#8221;off&#8221; global_colors_info=&#8221;{}&#8221;][et_pb_column_inner type=&#8221;1_2&#8243; saved_specialty_column_type=&#8221;1_2&#8243; _builder_version=&#8221;4.16&#8243; custom_padding=&#8221;|||&#8221; global_colors_info=&#8221;{}&#8221; custom_padding__hover=&#8221;|||&#8221;][et_pb_blurb title=&#8221;CASCO insurance repairs&#8221; use_icon=&#8221;on&#8221; font_icon=&#8221;^||divi||400&#8243; icon_color=&#8221;#f71635&#8243; icon_placement=&#8221;left&#8221; image_icon_width=&#8221;20px&#8221; _builder_version=&#8221;4.27.4&#8243; header_font=&#8221;|700||on|||||&#8221; header_font_size=&#8221;16px&#8221; header_letter_spacing=&#8221;2px&#8221; header_line_height=&#8221;1.2em&#8221; body_font=&#8221;|600|||||||&#8221; body_text_align=&#8221;justify&#8221; body_line_height=&#8221;2em&#8221; image_icon_custom_margin=&#8221;|0px||0px|false|true&#8221; image_icon_custom_padding=&#8221;|0px||0px|false|true&#8221; animation=&#8221;off&#8221; icon_font_size=&#8221;20px&#8221; global_colors_info=&#8221;{}&#8221;]<\/p>\n<p>CASCO insurance is a comprehensive insurance that covers damage to the car, regardless of whether caused by a traffic accident or a natural disaster (depending on the policy terms and conditions). We carry out all the repairs required following a CASCO insurance claim. Our specialists will help you prepare the necessary documents and consult you to ensure that the repairs are paid for in line with the insurance terms.<\/p>\n<p>[\/et_pb_blurb][et_pb_blurb title=&#8221;Preparation of insurance documents&#8221; use_icon=&#8221;on&#8221; font_icon=&#8221;^||divi||400&#8243; icon_color=&#8221;#f71635&#8243; icon_placement=&#8221;left&#8221; image_icon_width=&#8221;20px&#8221; _builder_version=&#8221;4.27.4&#8243; header_font=&#8221;|700||on|||||&#8221; header_font_size=&#8221;16px&#8221; header_letter_spacing=&#8221;2px&#8221; header_line_height=&#8221;1.2em&#8221; body_font=&#8221;|600|||||||&#8221; body_text_align=&#8221;justify&#8221; body_line_height=&#8221;2em&#8221; animation=&#8221;off&#8221; icon_font_size=&#8221;20px&#8221; global_colors_info=&#8221;{}&#8221;]<\/p>\n<p>We can help you with all steps, starting from assessing the damage to drafting all the necessary documents to make an insurance claim. Our team will help you deal with all the formalities related to CASCO and OCTA insurance quickly and easily.<\/p>\n<p>[\/et_pb_blurb][et_pb_blurb title=&#8221;Choosing a CASCO policy&#8221; use_icon=&#8221;on&#8221; font_icon=&#8221;^||divi||400&#8243; icon_color=&#8221;#f71635&#8243; icon_placement=&#8221;left&#8221; image_icon_width=&#8221;20px&#8221; _builder_version=&#8221;4.27.4&#8243; header_font=&#8221;|700||on|||||&#8221; header_font_size=&#8221;16px&#8221; header_letter_spacing=&#8221;2px&#8221; header_line_height=&#8221;1.2em&#8221; body_font=&#8221;|600|||||||&#8221; body_text_align=&#8221;justify&#8221; body_line_height=&#8221;2em&#8221; animation=&#8221;off&#8221; icon_font_size=&#8221;20px&#8221; global_colors_info=&#8221;{}&#8221;]<\/p>\n<p>It is advisable to choose your CASCO policy carefully \u2014 our experience shows that customers who have chosen the cheapest policy tend to be disappointed after an accident. The most common reasons for disappointment relating to CASCO policy terms: high excess, limited indemnity amount (the insurer pays for repairs up to a certain amount, the customer pays the rest), limited choice of workshops (the insurer may send you to a specific workshop where the repairs may not be performed to painting standards because it is the cheapest insurer\u2019s partner), no additional risk cover (flooding, tyres, glass damage, collisions with animals, etc.). We recommend BALCIA, COMPENSA, IF APDRO\u0160IN\u0100\u0160ANA, BTA and GJENSIDIGE insurance companies.<\/p>\n<p>[\/et_pb_blurb][\/et_pb_column_inner][et_pb_column_inner type=&#8221;1_2&#8243; saved_specialty_column_type=&#8221;1_2&#8243; _builder_version=&#8221;4.16&#8243; custom_padding=&#8221;|||&#8221; global_colors_info=&#8221;{}&#8221; custom_padding__hover=&#8221;|||&#8221;][et_pb_blurb title=&#8221;OCTA insurance repairs&#8221; use_icon=&#8221;on&#8221; font_icon=&#8221;^||divi||400&#8243; icon_color=&#8221;#f71635&#8243; icon_placement=&#8221;left&#8221; image_icon_width=&#8221;20px&#8221; _builder_version=&#8221;4.27.4&#8243; header_font=&#8221;|700||on|||||&#8221; header_font_size=&#8221;16px&#8221; header_letter_spacing=&#8221;2px&#8221; header_line_height=&#8221;1.2em&#8221; body_font=&#8221;|600|||||||&#8221; body_text_align=&#8221;justify&#8221; body_line_height=&#8221;2em&#8221; animation=&#8221;off&#8221; icon_font_size=&#8221;20px&#8221; global_colors_info=&#8221;{}&#8221;]<\/p>\n<p>OCTA (third party) insurance is a type of insurance that covers damage caused to your car by other people in a traffic accident. We will help restore the car to its pre-accident condition if your car has been damaged in an accident covered by OCTA. Our workshop provides accurate damage assessment and repairs which comply with all regulations and requirements of the insurer and the car maker.<\/p>\n<p>[\/et_pb_blurb][et_pb_blurb title=&#8221;Damage assessment and preparation of repair estimates&#8221; use_icon=&#8221;on&#8221; font_icon=&#8221;^||divi||400&#8243; icon_color=&#8221;#f71635&#8243; icon_placement=&#8221;left&#8221; image_icon_width=&#8221;20px&#8221; _builder_version=&#8221;4.27.4&#8243; header_font=&#8221;|700||on|||||&#8221; header_font_size=&#8221;16px&#8221; header_letter_spacing=&#8221;2px&#8221; header_line_height=&#8221;1.2em&#8221; body_font=&#8221;|600|||||||&#8221; body_text_align=&#8221;justify&#8221; body_line_height=&#8221;2em&#8221; animation=&#8221;off&#8221; icon_font_size=&#8221;20px&#8221; global_colors_info=&#8221;{}&#8221;]<\/p>\n<p>After the accident, we prepare a detailed damage assessment and a repair estimate, which we submit to the insurer. After obtaining the insurer\u2019s consent, we ensure that all repairs are carried out in line with the insurer\u2019s requirements and standards.<\/p>\n<p>[\/et_pb_blurb][et_pb_blurb title=&#8221;Post-accident services&#8221; use_icon=&#8221;on&#8221; font_icon=&#8221;^||divi||400&#8243; icon_color=&#8221;#f71635&#8243; icon_placement=&#8221;left&#8221; image_icon_width=&#8221;20px&#8221; _builder_version=&#8221;4.27.4&#8243; header_font=&#8221;|700||on|||||&#8221; header_font_size=&#8221;16px&#8221; header_letter_spacing=&#8221;2px&#8221; header_line_height=&#8221;1.2em&#8221; body_font=&#8221;|600|||||||&#8221; body_text_align=&#8221;justify&#8221; body_line_height=&#8221;2em&#8221; animation=&#8221;off&#8221; icon_font_size=&#8221;20px&#8221; global_colors_info=&#8221;{}&#8221;]<\/p>\n<p>Our workshop also offers assistance in the event of an accident, including transport and consultations, as well as dealing with insurers to ensure formalities are sorted quickly and without unnecessary worry.<\/p>\n<p>[\/et_pb_blurb][\/et_pb_column_inner][\/et_pb_row_inner][et_pb_row_inner _builder_version=&#8221;4.27.0&#8243; _module_preset=&#8221;default&#8221; custom_margin=&#8221;0px||0px||true|false&#8221; custom_padding=&#8221;0px||0px||true|false&#8221; global_colors_info=&#8221;{}&#8221;][et_pb_column_inner saved_specialty_column_type=&#8221;1_2&#8243; _builder_version=&#8221;4.27.0&#8243; _module_preset=&#8221;default&#8221; global_colors_info=&#8221;{}&#8221;][et_pb_text _builder_version=&#8221;4.27.4&#8243; text_font=&#8221;|600|||||||&#8221; text_line_height=&#8221;2em&#8221; header_font=&#8221;||||||||&#8221; header_2_font=&#8221;Khand|700||on|||||&#8221; header_2_font_size=&#8221;30px&#8221; header_2_line_height=&#8221;1.2em&#8221; custom_margin_tablet=&#8221;|||60vw&#8221; custom_margin_last_edited=&#8221;off|phone&#8221; custom_padding=&#8221;||0px|||&#8221; header_2_font_size_tablet=&#8221;20px&#8221; header_2_font_size_phone=&#8221;18px&#8221; header_2_font_size_last_edited=&#8221;on|phone&#8221; locked=&#8221;off&#8221; global_colors_info=&#8221;{}&#8221;]<\/p>\n<p>If you choose our CASCO\/OCTA department, you will get professional and efficient assistance not only with car repairs, but also with all insurance-related issues. We will help you make the necessary repairs, prepare all the required paperwork and receive indemnity, to ensure your car\u2019s safety and roadworthiness following the damages.<\/p>\n<p>[\/et_pb_text][\/et_pb_column_inner][\/et_pb_row_inner][et_pb_row_inner _builder_version=&#8221;4.16&#8243; global_colors_info=&#8221;{}&#8221;][et_pb_column_inner saved_specialty_column_type=&#8221;1_2&#8243; _builder_version=&#8221;4.16&#8243; custom_padding=&#8221;|||&#8221; global_colors_info=&#8221;{}&#8221; custom_padding__hover=&#8221;|||&#8221;][et_pb_button button_url=&#8221;@ET-DC@eyJkeW5hbWljIjp0cnVlLCJjb250ZW50IjoicG9zdF9saW5rX3VybF9wYWdlIiwic2V0dGluZ3MiOnsicG9zdF9pZCI6Ijg4IiwiZW5hYmxlX2h0bWwiOiJvZmYifX0=@&#8221; button_text=&#8221;Book a visit&#8221; button_alignment=&#8221;center&#8221; _builder_version=&#8221;4.27.4&#8243; _dynamic_attributes=&#8221;button_url&#8221; custom_button=&#8221;on&#8221; button_text_size=&#8221;14px&#8221; button_text_color=&#8221;#425e8e&#8221; button_bg_color=&#8221;#ffffff&#8221; button_border_width=&#8221;4px&#8221; button_border_color=&#8221;#425e8e&#8221; button_border_radius=&#8221;0px&#8221; button_letter_spacing=&#8221;3px&#8221; button_font=&#8221;|700||on|||||&#8221; button_icon=&#8221;E||divi||400&#8243; button_on_hover=&#8221;off&#8221; transform_skew=&#8221;-20deg|0deg&#8221; custom_padding=&#8221;15px|40px|15px|30px|true|false&#8221; locked=&#8221;off&#8221; global_colors_info=&#8221;{}&#8221; button_bg_color__hover_enabled=&#8221;on&#8221; button_bg_color__hover=&#8221;rgba(0,0,0,0.06)&#8221;][\/et_pb_button][\/et_pb_column_inner][\/et_pb_row_inner][\/et_pb_column][\/et_pb_section]<\/p>\n","protected":false},"excerpt":{"rendered":"<p>CASCO\/OCTA insurance repairsFor more than 30 years now, our workshop has been offering professional repairs of bodywork, paintwork and other components in comprehensive (CASCO)\/third party liability (OCTA) insurance cases when repairs are paid for by the insurance company.In the event of an accident, all you need to do is to know the insurance claim number, [&hellip;]<\/p>\n","protected":false},"author":1,"featured_media":0,"parent":0,"menu_order":0,"comment_status":"closed","ping_status":"closed","template":"","meta":{"_et_pb_use_builder":"on","_et_pb_old_content":"","_et_gb_content_width":"","footnotes":""},"class_list":["post-636","page","type-page","status-publish","hentry"],"_links":{"self":[{"href":"https:\/\/tuf.lv\/en\/wp-json\/wp\/v2\/pages\/636","targetHints":{"allow":["GET"]}}],"collection":[{"href":"https:\/\/tuf.lv\/en\/wp-json\/wp\/v2\/pages"}],"about":[{"href":"https:\/\/tuf.lv\/en\/wp-json\/wp\/v2\/types\/page"}],"author":[{"embeddable":true,"href":"https:\/\/tuf.lv\/en\/wp-json\/wp\/v2\/users\/1"}],"replies":[{"embeddable":true,"href":"https:\/\/tuf.lv\/en\/wp-json\/wp\/v2\/comments?post=636"}],"version-history":[{"count":0,"href":"https:\/\/tuf.lv\/en\/wp-json\/wp\/v2\/pages\/636\/revisions"}],"wp:attachment":[{"href":"https:\/\/tuf.lv\/en\/wp-json\/wp\/v2\/media?parent=636"}],"curies":[{"name":"wp","href":"https:\/\/api.w.org\/{rel}","templated":true}]}}