{"id":604,"date":"2024-11-22T13:43:33","date_gmt":"2024-11-22T13:43:33","guid":{"rendered":"https:\/\/tuf.pircejacels.lv\/running-gear-repairs-diagnostics\/"},"modified":"2025-03-06T11:45:08","modified_gmt":"2025-03-06T11:45:08","slug":"running-gear-repairs-diagnostics","status":"publish","type":"page","link":"https:\/\/tuf.lv\/en\/running-gear-repairs-diagnostics\/","title":{"rendered":"Running gear repairs, diagnostics"},"content":{"rendered":"<p>[et_pb_section fb_built=&#8221;1&#8243; specialty=&#8221;on&#8221; custom_padding_last_edited=&#8221;on|desktop&#8221; padding_top_1=&#8221;0px&#8221; padding_2_tablet=&#8221;|||10vw&#8221; padding_2_phone=&#8221;&#8221; padding_2_last_edited=&#8221;on|tablet&#8221; admin_label=&#8221;Header&#8221; _builder_version=&#8221;4.16&#8243; background_color=&#8221;#eaeaf1&#8243; inner_width=&#8221;100%&#8221; inner_max_width=&#8221;100%&#8221; custom_padding=&#8221;0px|10vw|1px|||&#8221; custom_padding_tablet=&#8221;|||&#8221; custom_padding_phone=&#8221;&#8221; locked=&#8221;off&#8221; global_colors_info=&#8221;{}&#8221;][et_pb_column type=&#8221;1_2&#8243; _builder_version=&#8221;4.16&#8243; custom_padding=&#8221;|||&#8221; global_colors_info=&#8221;{}&#8221; custom_padding__hover=&#8221;|||&#8221;][et_pb_image src=&#8221;https:\/\/tuf.pircejacels.lv\/wp-content\/uploads\/2024\/11\/mechanic-73.png&#8221; title_text=&#8221;Rito\u0161\u0101s da\u013cas remonts -2&#8243; align_tablet=&#8221;center&#8221; align_phone=&#8221;center&#8221; align_last_edited=&#8221;on|desktop&#8221; _builder_version=&#8221;4.27.0&#8243; background_image=&#8221;https:\/\/tuf.pircejacels.lv\/wp-content\/uploads\/2024\/12\/Ritosas-dalas-remonts-2-e1735555390701.webp&#8221; parallax=&#8221;on&#8221; custom_margin=&#8221;|-50vw||&#8221; custom_margin_tablet=&#8221;|0vw||&#8221; custom_margin_phone=&#8221;&#8221; custom_margin_last_edited=&#8221;on|desktop&#8221; locked=&#8221;off&#8221; global_colors_info=&#8221;{}&#8221;][\/et_pb_image][\/et_pb_column][et_pb_column type=&#8221;1_2&#8243; specialty_columns=&#8221;2&#8243; _builder_version=&#8221;4.16&#8243; custom_padding=&#8221;|||&#8221; global_colors_info=&#8221;{}&#8221; custom_padding__hover=&#8221;|||&#8221;][et_pb_row_inner custom_padding_last_edited=&#8221;on|phone&#8221; _builder_version=&#8221;4.27.0&#8243; background_color=&#8221;#425e8e&#8221; max_width=&#8221;600px&#8221; custom_margin=&#8221;10vw|||&#8221; custom_margin_tablet=&#8221;-40vw||&#8221; custom_margin_phone=&#8221;&#8221; custom_margin_last_edited=&#8221;on|tablet&#8221; custom_padding=&#8221;80px|60px|80px|60px|true|false&#8221; custom_padding_tablet=&#8221;60px|50px|60px|50px|true|true&#8221; custom_padding_phone=&#8221;50px|||40px&#8221; box_shadow_style=&#8221;preset2&#8243; box_shadow_vertical=&#8221;28px&#8221; box_shadow_blur=&#8221;40px&#8221; box_shadow_color=&#8221;rgba(0,0,0,0.1)&#8221; global_colors_info=&#8221;{}&#8221;][et_pb_column_inner saved_specialty_column_type=&#8221;1_2&#8243; _builder_version=&#8221;4.16&#8243; custom_padding=&#8221;|||&#8221; global_colors_info=&#8221;{}&#8221; custom_padding__hover=&#8221;|||&#8221;][et_pb_text _builder_version=&#8221;4.27.4&#8243; text_font=&#8221;||||||||&#8221; header_font=&#8221;Khand|700||on|||||&#8221; header_font_size=&#8221;50px&#8221; background_layout=&#8221;dark&#8221; hover_enabled=&#8221;0&#8243; header_font_size_tablet=&#8221;60px&#8221; header_font_size_phone=&#8221;40px&#8221; header_font_size_last_edited=&#8221;on|phone&#8221; locked=&#8221;off&#8221; global_colors_info=&#8221;{}&#8221; sticky_enabled=&#8221;0&#8243;]<\/p>\n<h1>Running gear repairs, diagnostics<\/h1>\n<p>[\/et_pb_text][et_pb_divider color=&#8221;#ffffff&#8221; divider_style=&#8221;double&#8221; divider_weight=&#8221;10px&#8221; _builder_version=&#8221;4.16&#8243; transform_skew=&#8221;-20deg|0deg&#8221; max_width=&#8221;100px&#8221; height=&#8221;10px&#8221; locked=&#8221;off&#8221; global_colors_info=&#8221;{}&#8221;][\/et_pb_divider][et_pb_text _builder_version=&#8221;4.27.4&#8243; text_font=&#8221;|600|||||||&#8221; text_line_height=&#8221;2em&#8221; text_orientation=&#8221;justified&#8221; background_layout=&#8221;dark&#8221; locked=&#8221;off&#8221; global_colors_info=&#8221;{}&#8221;]<\/p>\n<p>Our workshop offers highest quality running gear diagnostics and repairs. Our workshop offers highest quality running gear diagnostics and repairs. We offer a precise and professional approach to each vehicle, using state-of-the-art diagnostic equipment and high quality spare parts, offering both original and alternative spare parts for repairs to meet the customer requirements.<\/p>\n<p>[\/et_pb_text][et_pb_button button_url=&#8221;@ET-DC@eyJkeW5hbWljIjp0cnVlLCJjb250ZW50IjoicG9zdF9saW5rX3VybF9wYWdlIiwic2V0dGluZ3MiOnsicG9zdF9pZCI6Ijg4In19@&#8221; button_text=&#8221;Book a visit&#8221; _builder_version=&#8221;4.27.4&#8243; _dynamic_attributes=&#8221;button_url&#8221; custom_button=&#8221;on&#8221; button_text_size=&#8221;14px&#8221; button_text_color=&#8221;#ffffff&#8221; button_bg_color=&#8221;rgba(247,247,247,0)&#8221; button_border_width=&#8221;2px&#8221; button_border_radius=&#8221;0px&#8221; button_letter_spacing=&#8221;3px&#8221; button_font=&#8221;|700||on|||||&#8221; button_icon=&#8221;E||divi||400&#8243; button_on_hover=&#8221;off&#8221; transform_skew=&#8221;-20deg|0deg&#8221; custom_padding=&#8221;15px|40px|15px|30px|true|false&#8221; locked=&#8221;off&#8221; global_colors_info=&#8221;{}&#8221; button_bg_color__hover_enabled=&#8221;on&#8221; button_bg_color__hover=&#8221;#ffffff&#8221; button_text_color__hover=&#8221;#0251b8&#8243; button_text_color__hover_enabled=&#8221;on&#8221; button_border_color__hover=&#8221;rgba(0,0,0,0)&#8221; button_border_color__hover_enabled=&#8221;on&#8221;][\/et_pb_button][\/et_pb_column_inner][\/et_pb_row_inner][\/et_pb_column][\/et_pb_section][et_pb_section fb_built=&#8221;1&#8243; admin_label=&#8221;Section Title&#8221; _builder_version=&#8221;4.27.0&#8243; background_color=&#8221;#eaeaf1&#8243; use_background_color_gradient=&#8221;on&#8221; background_color_gradient_direction=&#8221;110deg&#8221; background_color_gradient_stops=&#8221;#eaeaf1 86%|#eb2121 86%&#8221; background_color_gradient_start=&#8221;#eaeaf1&#8243; background_color_gradient_start_position=&#8221;86%&#8221; background_color_gradient_end=&#8221;#f71635&#8243; background_color_gradient_end_position=&#8221;0%&#8221; custom_padding=&#8221;||0px|||&#8221; global_colors_info=&#8221;{}&#8221;][et_pb_row _builder_version=&#8221;4.16&#8243; global_colors_info=&#8221;{}&#8221;][et_pb_column type=&#8221;4_4&#8243; _builder_version=&#8221;4.16&#8243; custom_padding=&#8221;|||&#8221; global_colors_info=&#8221;{}&#8221; custom_padding__hover=&#8221;|||&#8221;][et_pb_text _builder_version=&#8221;4.27.4&#8243; header_font=&#8221;||||||||&#8221; header_2_font=&#8221;Khand|700||on|||||&#8221; header_2_font_size=&#8221;40px&#8221; header_2_line_height=&#8221;1.2em&#8221; header_2_font_size_tablet=&#8221;40px&#8221; header_2_font_size_phone=&#8221;30px&#8221; header_2_font_size_last_edited=&#8221;on|desktop&#8221; global_colors_info=&#8221;{}&#8221;]<\/p>\n<h2>The service includes<\/h2>\n<p>[\/et_pb_text][et_pb_divider color=&#8221;#f71635&#8243; divider_style=&#8221;double&#8221; divider_weight=&#8221;10px&#8221; _builder_version=&#8221;4.16&#8243; transform_skew=&#8221;-20deg|0deg&#8221; max_width=&#8221;100px&#8221; height=&#8221;10px&#8221; locked=&#8221;off&#8221; global_colors_info=&#8221;{}&#8221;][\/et_pb_divider][\/et_pb_column][\/et_pb_row][\/et_pb_section][et_pb_section fb_built=&#8221;1&#8243; specialty=&#8221;on&#8221; custom_padding_last_edited=&#8221;on|tablet&#8221; padding_top_1=&#8221;0px&#8221; padding_top_2=&#8221;100px&#8221; padding_bottom_1=&#8221;0px&#8221; padding_2_tablet=&#8221;0px|||10vw&#8221; padding_2_phone=&#8221;&#8221; padding_2_last_edited=&#8221;on|desktop&#8221; admin_label=&#8221;Why This Service&#8221; _builder_version=&#8221;4.16&#8243; inner_width=&#8221;100%&#8221; inner_max_width=&#8221;100%&#8221; custom_padding=&#8221;0px|10vw|0px|||&#8221; custom_padding_tablet=&#8221;&#8221; custom_padding_phone=&#8221;&#8221; use_custom_width=&#8221;on&#8221; width_unit=&#8221;off&#8221; custom_width_percent=&#8221;100%&#8221; global_colors_info=&#8221;{}&#8221;][et_pb_column type=&#8221;1_2&#8243; _builder_version=&#8221;4.16&#8243; custom_padding=&#8221;|||&#8221; global_colors_info=&#8221;{}&#8221; custom_padding__hover=&#8221;|||&#8221;][et_pb_image src=&#8221;https:\/\/tuf.pircejacels.lv\/wp-content\/uploads\/2024\/11\/mechanic-60.png&#8221; title_text=&#8221;Rito\u0161as da\u013cas remonts&#8221; _builder_version=&#8221;4.27.0&#8243; background_image=&#8221;https:\/\/tuf.pircejacels.lv\/wp-content\/uploads\/2024\/12\/Ritosas-dalas-remonts-e1735555296704.webp&#8221; parallax=&#8221;on&#8221; max_width_tablet=&#8221;60%&#8221; max_width_phone=&#8221;&#8221; max_width_last_edited=&#8221;on|desktop&#8221; custom_margin=&#8221;||-1px&#8221; always_center_on_mobile=&#8221;off&#8221; global_colors_info=&#8221;{}&#8221;][\/et_pb_image][et_pb_divider color=&#8221;#f71635&#8243; divider_weight=&#8221;4px&#8221; _builder_version=&#8221;4.16&#8243; transform_scale_last_edited=&#8221;off|tablet&#8221; transform_translate=&#8221;-18%|-28vw&#8221; transform_translate_last_edited=&#8221;off|tablet&#8221; transform_translate_linked=&#8221;off&#8221; transform_rotate=&#8221;0deg|0deg|-68deg&#8221; transform_rotate_last_edited=&#8221;off|desktop&#8221; transform_skew_last_edited=&#8221;off|desktop&#8221; transform_origin_last_edited=&#8221;off|desktop&#8221; transform_styles_last_edited=&#8221;off|tablet&#8221; width=&#8221;20vw&#8221; module_alignment=&#8221;right&#8221; height=&#8221;0px&#8221; custom_margin=&#8221;||0px&#8221; locked=&#8221;off&#8221; global_colors_info=&#8221;{}&#8221;][\/et_pb_divider][\/et_pb_column][et_pb_column type=&#8221;1_2&#8243; specialty_columns=&#8221;2&#8243; _builder_version=&#8221;4.16&#8243; custom_padding=&#8221;|||&#8221; global_colors_info=&#8221;{}&#8221; custom_padding__hover=&#8221;|||&#8221;][et_pb_row_inner column_structure=&#8221;1_2,1_2&#8243; _builder_version=&#8221;4.16&#8243; locked=&#8221;off&#8221; global_colors_info=&#8221;{}&#8221;][et_pb_column_inner type=&#8221;1_2&#8243; saved_specialty_column_type=&#8221;1_2&#8243; _builder_version=&#8221;4.16&#8243; custom_padding=&#8221;|||&#8221; global_colors_info=&#8221;{}&#8221; custom_padding__hover=&#8221;|||&#8221;][et_pb_blurb title=&#8221;Running gear diagnostics&#8221; use_icon=&#8221;on&#8221; font_icon=&#8221;^||divi||400&#8243; icon_color=&#8221;#f71635&#8243; icon_placement=&#8221;left&#8221; image_icon_width=&#8221;20px&#8221; _builder_version=&#8221;4.27.4&#8243; header_font=&#8221;|700||on|||||&#8221; header_font_size=&#8221;16px&#8221; header_letter_spacing=&#8221;2px&#8221; header_line_height=&#8221;1.2em&#8221; body_font=&#8221;|600|||||||&#8221; body_text_align=&#8221;justify&#8221; body_line_height=&#8221;2em&#8221; animation=&#8221;off&#8221; icon_font_size=&#8221;20px&#8221; global_colors_info=&#8221;{}&#8221;]<\/p>\n<p>A detailed inspection for signs of wear and tear, damage or any other problems that may affect the stability and safety of the vehicle.<\/p>\n<p>[\/et_pb_blurb][et_pb_blurb title=&#8221;Steering system diagnostics and repairs&#8221; use_icon=&#8221;on&#8221; font_icon=&#8221;^||divi||400&#8243; icon_color=&#8221;#f71635&#8243; icon_placement=&#8221;left&#8221; image_icon_width=&#8221;20px&#8221; _builder_version=&#8221;4.27.4&#8243; header_font=&#8221;|700||on|||||&#8221; header_font_size=&#8221;16px&#8221; header_letter_spacing=&#8221;2px&#8221; header_line_height=&#8221;1.2em&#8221; body_font=&#8221;|600|||||||&#8221; body_text_align=&#8221;justify&#8221; body_line_height=&#8221;2em&#8221; animation=&#8221;off&#8221; icon_font_size=&#8221;20px&#8221; global_colors_info=&#8221;{}&#8221;]<\/p>\n<p>Detecting potential damage to the steering gear, steering spokes, power steering and other related parts.<\/p>\n<p>[\/et_pb_blurb][et_pb_blurb title=&#8221;Testing and repairs of suspension system components&#8221; use_icon=&#8221;on&#8221; font_icon=&#8221;^||divi||400&#8243; icon_color=&#8221;#f71635&#8243; icon_placement=&#8221;left&#8221; image_icon_width=&#8221;20px&#8221; _builder_version=&#8221;4.27.4&#8243; header_font=&#8221;|700||on|||||&#8221; header_font_size=&#8221;16px&#8221; header_letter_spacing=&#8221;2px&#8221; header_line_height=&#8221;1.2em&#8221; body_font=&#8221;|600|||||||&#8221; body_text_align=&#8221;justify&#8221; body_line_height=&#8221;2em&#8221; animation=&#8221;off&#8221; icon_font_size=&#8221;20px&#8221; global_colors_info=&#8221;{}&#8221;]<\/p>\n<p>We take care of your vehicle\u2019s stability and comfort by making sure the suspension works seamlessly.<\/p>\n<p>[\/et_pb_blurb][\/et_pb_column_inner][et_pb_column_inner type=&#8221;1_2&#8243; saved_specialty_column_type=&#8221;1_2&#8243; _builder_version=&#8221;4.16&#8243; custom_padding=&#8221;|||&#8221; global_colors_info=&#8221;{}&#8221; custom_padding__hover=&#8221;|||&#8221;][et_pb_blurb title=&#8221;Suspension system repairs&#8221; use_icon=&#8221;on&#8221; font_icon=&#8221;^||divi||400&#8243; icon_color=&#8221;#f71635&#8243; icon_placement=&#8221;left&#8221; image_icon_width=&#8221;20px&#8221; _builder_version=&#8221;4.27.4&#8243; header_font=&#8221;|700||on|||||&#8221; header_font_size=&#8221;16px&#8221; header_letter_spacing=&#8221;2px&#8221; header_line_height=&#8221;1.2em&#8221; body_font=&#8221;|600|||||||&#8221; body_text_align=&#8221;justify&#8221; body_line_height=&#8221;2em&#8221; animation=&#8221;off&#8221; icon_font_size=&#8221;20px&#8221; global_colors_info=&#8221;{}&#8221;]<\/p>\n<p>We offer repairs and replacement of high-value front and rear suspension components \u2014 shock absorbers, steering gear, axle boxes and other essential components.<\/p>\n<p>[\/et_pb_blurb][et_pb_blurb title=&#8221;Testing and repairing the brake system&#8221; use_icon=&#8221;on&#8221; font_icon=&#8221;^||divi||400&#8243; icon_color=&#8221;#f71635&#8243; icon_placement=&#8221;left&#8221; image_icon_width=&#8221;20px&#8221; _builder_version=&#8221;4.27.4&#8243; header_font=&#8221;|700||on|||||&#8221; header_font_size=&#8221;16px&#8221; header_letter_spacing=&#8221;2px&#8221; header_line_height=&#8221;1.2em&#8221; body_font=&#8221;|600|||||||&#8221; body_text_align=&#8221;justify&#8221; body_line_height=&#8221;2em&#8221; animation=&#8221;off&#8221; icon_font_size=&#8221;20px&#8221; global_colors_info=&#8221;{}&#8221;]<\/p>\n<p>We offer diagnostics and repairs for all types of brake systems, ensuring that your car is always ready to drive safely.<\/p>\n<p>[\/et_pb_blurb][\/et_pb_column_inner][\/et_pb_row_inner][et_pb_row_inner _builder_version=&#8221;4.16&#8243; global_colors_info=&#8221;{}&#8221;][et_pb_column_inner saved_specialty_column_type=&#8221;1_2&#8243; _builder_version=&#8221;4.16&#8243; custom_padding=&#8221;|||&#8221; global_colors_info=&#8221;{}&#8221; custom_padding__hover=&#8221;|||&#8221;][et_pb_text _builder_version=&#8221;4.27.4&#8243; text_font=&#8221;|600|||||||&#8221; text_line_height=&#8221;2em&#8221; header_font=&#8221;||||||||&#8221; header_2_font=&#8221;Khand|700||on|||||&#8221; header_2_font_size=&#8221;60px&#8221; header_2_line_height=&#8221;1.2em&#8221; text_orientation=&#8221;justified&#8221; header_2_font_size_tablet=&#8221;40px&#8221; header_2_font_size_phone=&#8221;30px&#8221; header_2_font_size_last_edited=&#8221;on|desktop&#8221; locked=&#8221;off&#8221; global_colors_info=&#8221;{}&#8221;]<\/p>\n<p>With our team of experienced technicians, you can be sure that you will receive a top level services that meet the manufacturer\u2019s standards and keeps your car running at its best.<\/p>\n<p>[\/et_pb_text][et_pb_button button_url=&#8221;@ET-DC@eyJkeW5hbWljIjp0cnVlLCJjb250ZW50IjoicG9zdF9saW5rX3VybF9wYWdlIiwic2V0dGluZ3MiOnsicG9zdF9pZCI6Ijg4In19@&#8221; button_text=&#8221;Book a visit&#8221; button_alignment=&#8221;center&#8221; _builder_version=&#8221;4.27.4&#8243; _dynamic_attributes=&#8221;button_url&#8221; custom_button=&#8221;on&#8221; button_text_size=&#8221;14px&#8221; button_text_color=&#8221;#425e8e&#8221; button_bg_color=&#8221;#ffffff&#8221; button_border_width=&#8221;4px&#8221; button_border_color=&#8221;#425e8e&#8221; button_border_radius=&#8221;0px&#8221; button_letter_spacing=&#8221;3px&#8221; button_font=&#8221;|700||on|||||&#8221; button_icon=&#8221;E||divi||400&#8243; button_on_hover=&#8221;off&#8221; transform_skew=&#8221;-20deg|0deg&#8221; custom_padding=&#8221;15px|40px|15px|30px|true|false&#8221; locked=&#8221;off&#8221; global_colors_info=&#8221;{}&#8221; button_bg_color__hover_enabled=&#8221;on&#8221; button_bg_color__hover=&#8221;rgba(0,0,0,0.06)&#8221;][\/et_pb_button][\/et_pb_column_inner][\/et_pb_row_inner][\/et_pb_column][\/et_pb_section]<\/p>\n","protected":false},"excerpt":{"rendered":"<p>Running gear repairs, diagnosticsOur workshop offers highest quality running gear diagnostics and repairs. Our workshop offers highest quality running gear diagnostics and repairs. We offer a precise and professional approach to each vehicle, using state-of-the-art diagnostic equipment and high quality spare parts, offering both original and alternative spare parts for repairs to meet the customer [&hellip;]<\/p>\n","protected":false},"author":1,"featured_media":0,"parent":0,"menu_order":0,"comment_status":"closed","ping_status":"closed","template":"","meta":{"_et_pb_use_builder":"on","_et_pb_old_content":"","_et_gb_content_width":"","footnotes":""},"class_list":["post-604","page","type-page","status-publish","hentry"],"_links":{"self":[{"href":"https:\/\/tuf.lv\/en\/wp-json\/wp\/v2\/pages\/604","targetHints":{"allow":["GET"]}}],"collection":[{"href":"https:\/\/tuf.lv\/en\/wp-json\/wp\/v2\/pages"}],"about":[{"href":"https:\/\/tuf.lv\/en\/wp-json\/wp\/v2\/types\/page"}],"author":[{"embeddable":true,"href":"https:\/\/tuf.lv\/en\/wp-json\/wp\/v2\/users\/1"}],"replies":[{"embeddable":true,"href":"https:\/\/tuf.lv\/en\/wp-json\/wp\/v2\/comments?post=604"}],"version-history":[{"count":1,"href":"https:\/\/tuf.lv\/en\/wp-json\/wp\/v2\/pages\/604\/revisions"}],"predecessor-version":[{"id":605,"href":"https:\/\/tuf.lv\/en\/wp-json\/wp\/v2\/pages\/604\/revisions\/605"}],"wp:attachment":[{"href":"https:\/\/tuf.lv\/en\/wp-json\/wp\/v2\/media?parent=604"}],"curies":[{"name":"wp","href":"https:\/\/api.w.org\/{rel}","templated":true}]}}